{"id":561,"date":"2025-05-13T18:39:32","date_gmt":"2025-05-13T17:39:32","guid":{"rendered":"https:\/\/jm-markets.com\/?page_id=561"},"modified":"2025-07-15T03:21:17","modified_gmt":"2025-07-15T02:21:17","slug":"justmarkets-suid-afrikada-hefboom-vir-handelaars-yayildi","status":"publish","type":"page","link":"https:\/\/jm-markets.com\/tr\/justmarkets-spread-en-hefboom-vir-handelaars-in-suid-afrika\/","title":{"rendered":"JustMarkets, Suid-Afrika'da hefboom vir handelaars'\u0131 yayd\u0131"},"content":{"rendered":"<h2 class=\"\" data-start=\"165\" data-end=\"227\">JustMarkets, Suid-Afrika'da hefboom vir handelaars'\u0131 yayd\u0131<\/h2>\n<p class=\"\" data-start=\"229\" data-end=\"679\">Suid-Afrika'daki Jy, op soek oldu\u011fu i\u00e7in, na \u2018n betroubare forex-makelaar, het jy waarskynlik al van <strong data-start=\"326\" data-end=\"341\">SADECE PAZARLAR<\/strong> gehoor. Hierdie Internasionale Makelaar Het Al Baie Aandag Gekry Onder Plaaslike Handelaars Weens Hul <strong data-start=\"444\" data-end=\"467\">Medidingende yay\u0131l\u0131m\u0131<\/strong>, <strong data-start=\"469\" data-end=\"490\">Ho\u00eb Hefboopsies<\/strong>, en <strong data-start=\"495\" data-end=\"537\">GebruikersVriendelike benzeri handelsplatforms<\/strong>. Hierdie Artikel Kyk ons Spesifiek na die <strong data-start=\"583\" data-end=\"604\">yaymak<\/strong> \u0131slatmak <a href=\"https:\/\/one.justmarkets.link\/a\/t11xd0xwgz\" target=\"_blank\" rel=\"noopener\">SADECE PAZARLAR<\/a> bied, en \u00e7apal\u0131 <strong data-start=\"638\" data-end=\"668\">Suid-Afrikaanse Handelaars<\/strong> Be\u00efnvloed.<\/p>\n<hr class=\"\" data-start=\"681\" data-end=\"684\" \/>\n<h3 class=\"\" data-start=\"686\" data-end=\"731\">Wat, Wat'ta yay\u0131ld\u0131 m\u0131?<\/h3>\n<p class=\"\" data-start=\"733\" data-end=\"970\">s\u0131kmak <strong data-start=\"737\" data-end=\"747\">s\u00fcz\u00fclmek<\/strong> Die Verskil Tussen Die Koopen Verkoopprys Van \u2018n Geldeenheidspaar. JustMarkets taraf\u0131ndan vanaf'\u0131 die yayar <strong data-start=\"859\" data-end=\"872\">0.0 Pide<\/strong> OP Sekere Tipes Rekeninge Soos ECN, Wat Beteken Dat Jy Meer Winsgewend Kan Handel Laer Koste ile tan\u0131\u015ft\u0131.<\/p>\n<p class=\"\" data-start=\"972\" data-end=\"1023\">Vir Suid-Afrikaanse Handelaars Beteken Lae Yay\u0131l\u0131r:<\/p>\n<ul data-start=\"1025\" data-end=\"1160\">\n<li class=\"\" data-start=\"1025\" data-end=\"1054\">\n<p class=\"\" data-start=\"1027\" data-end=\"1054\">Minder Koste Ba\u015f\u0131na Transaksie<\/p>\n<\/li>\n<li class=\"\" data-start=\"1055\" data-end=\"1099\">\n<p class=\"\" data-start=\"1057\" data-end=\"1099\">daha iyi Geskik Vir <strong data-start=\"1074\" data-end=\"1099\">scalping en<\/strong><\/p>\n<\/li>\n<li class=\"\" data-start=\"1100\" data-end=\"1160\">\n<p class=\"\" data-start=\"1102\" data-end=\"1160\">Medidingende Pryse op Gewilde SOOS USD\/Zar en XAU\/USD<\/p>\n<\/li>\n<\/ul>\n<hr class=\"\" data-start=\"1162\" data-end=\"1165\" \/>\n<h3 class=\"\" data-start=\"1167\" data-end=\"1199\">JustMarkets taraf\u0131ndan HefBoomopsies<\/h3>\n<p class=\"\" data-start=\"1201\" data-end=\"1317\"><a href=\"https:\/\/one.justmarkets.link\/a\/t11xd0xwgz\" target=\"_blank\" rel=\"noopener\">SADECE PAZARLAR<\/a> i\u011fneli <strong data-start=\"1218\" data-end=\"1240\">Hefboom Tot 1:3000<\/strong>, Afhangend Van Die Rekeningtipe. Vir Suid-Afrikaanse Handelaars Beteken DIT:<\/p>\n<ul data-start=\"1319\" data-end=\"1428\">\n<li class=\"\" data-start=\"1319\" data-end=\"1376\">\n<p class=\"\" data-start=\"1321\" data-end=\"1376\">jy kan <strong data-start=\"1328\" data-end=\"1376\">Kleiner Kapitaal Groter Posies Oopmaak ile tan\u0131\u015ft\u0131<\/strong><\/p>\n<\/li>\n<li class=\"\" data-start=\"1377\" data-end=\"1428\">\n<p class=\"\" data-start=\"1379\" data-end=\"1428\">Potensiaal Vir Ho\u00ebr Kazand\u0131 \u2014 Maar Ook Groter Risiko<\/p>\n<\/li>\n<\/ul>\n<p class=\"\" data-start=\"1430\" data-end=\"1561\"><strong data-start=\"1430\" data-end=\"1443\">sesli vesivli ar\u0131<\/strong>: JY R1,000 JOU'NDA HETEN \u2018N HEFBOOM VAN 1:100 GeBruik, Kan Jy Posiises Verhandel ter ware van R100.000.<\/p>\n<p class=\"\" data-start=\"1563\" data-end=\"1655\">\ud83d\udca1 <em data-start=\"1566\" data-end=\"1578\">belangrik:<\/em> Gebruik Hefboom Verstandig. Dit Kan Jou, Verhoog, Maar Ook Jou Verliese'yi kazand\u0131.<\/p>\n<hr class=\"\" data-start=\"1657\" data-end=\"1660\" \/>\n<h3 class=\"\" data-start=\"1662\" data-end=\"1696\">RekeningTipes en Spesifikasies<\/h3>\n<p class=\"\" data-start=\"1698\" data-end=\"1770\">JustMarkets Bied Verskeie RekeningTippes Vir Suid-Afrikaners, Insluitend:<\/p>\n<div class=\"_tableContainer_16hzy_1\">\n<div class=\"_tableWrapper_16hzy_14 group flex w-fit flex-col-reverse\" tabindex=\"-1\">\n<table class=\"w-fit min-w-(--thread-content-width)\" data-start=\"1772\" data-end=\"2149\">\n<thead data-start=\"1772\" data-end=\"1832\">\n<tr data-start=\"1772\" data-end=\"1832\">\n<th data-start=\"1772\" data-end=\"1787\" data-col-size=\"sm\">rejenere ucu<\/th>\n<th data-start=\"1787\" data-end=\"1806\" data-col-size=\"sm\">Minimum Deposit<\/th>\n<th data-start=\"1806\" data-end=\"1821\" data-col-size=\"sm\">yaymak<\/th>\n<th data-start=\"1821\" data-end=\"1832\" data-col-size=\"sm\">hefboom<\/th>\n<\/tr>\n<\/thead>\n<tbody data-start=\"1894\" data-end=\"2149\">\n<tr data-start=\"1894\" data-end=\"1957\">\n<td data-start=\"1894\" data-end=\"1909\" data-col-size=\"sm\">standart<\/td>\n<td data-start=\"1909\" data-end=\"1928\" data-col-size=\"sm\">$1<\/td>\n<td data-col-size=\"sm\" data-start=\"1928\" data-end=\"1943\">Vanaf 0.3<\/td>\n<td data-col-size=\"sm\" data-start=\"1943\" data-end=\"1957\">TOT 1:3000<\/td>\n<\/tr>\n<tr data-start=\"1958\" data-end=\"2021\">\n<td data-start=\"1958\" data-end=\"1973\" data-col-size=\"sm\">talih<\/td>\n<td data-start=\"1973\" data-end=\"1992\" data-col-size=\"sm\">$100<\/td>\n<td data-col-size=\"sm\" data-start=\"1992\" data-end=\"2007\">Vanaf 0.1<\/td>\n<td data-col-size=\"sm\" data-start=\"2007\" data-end=\"2021\">TOT 1:3000<\/td>\n<\/tr>\n<tr data-start=\"2022\" data-end=\"2085\">\n<td data-start=\"2022\" data-end=\"2037\" data-col-size=\"sm\">ham yay\u0131l\u0131m<\/td>\n<td data-col-size=\"sm\" data-start=\"2037\" data-end=\"2056\">$100<\/td>\n<td data-col-size=\"sm\" data-start=\"2056\" data-end=\"2071\">Vanaf 0.0<\/td>\n<td data-col-size=\"sm\" data-start=\"2071\" data-end=\"2085\">TOT 1:3000<\/td>\n<\/tr>\n<tr data-start=\"2086\" data-end=\"2149\">\n<td data-start=\"2086\" data-end=\"2101\" data-col-size=\"sm\">sent<\/td>\n<td data-start=\"2101\" data-end=\"2120\" data-col-size=\"sm\">$1<\/td>\n<td data-start=\"2120\" data-end=\"2135\" data-col-size=\"sm\">Vanaf 0.3<\/td>\n<td data-col-size=\"sm\" data-start=\"2135\" data-end=\"2149\">TOT 1:1000<\/td>\n<\/tr>\n<\/tbody>\n<\/table>\n<div class=\"sticky end-(--thread-content-margin) h-0 self-end select-none\">\n<div class=\"absolute end-0 flex items-end\"><\/div>\n<\/div>\n<\/div>\n<\/div>\n<p class=\"\" data-start=\"2151\" data-end=\"2272\">Hierdie Verskeidenheid Maak dit Maklik vir acemi \u00c9n gevorderde handelaars Suid-Afrika om \u2018n gepaste opsie te kies.<\/p>\n<hr class=\"\" data-start=\"2274\" data-end=\"2277\" \/>\n<h3 class=\"\" data-start=\"2279\" data-end=\"2340\">JustMarkets Betroubaar Vir Suid-Afrikaanse Handelaars m\u0131?<\/h3>\n<p class=\"\" data-start=\"2342\" data-end=\"2538\"><a href=\"https:\/\/one.justmarkets.link\/a\/t11xd0xwgz\" target=\"_blank\" rel=\"noopener\">SADECE PAZARLAR<\/a> \u2018n <strong data-start=\"2360\" data-end=\"2400\">Uluslararas\u0131 Gereguleerde Makelaar<\/strong> Kli\u00ebnte W\u00eareldwyd ile tan\u0131\u015ft\u0131. hulle bied ook <strong data-start=\"2439\" data-end=\"2465\">Lokale BetalingSopsiler<\/strong> Engels'te en kli\u00ebntediens, wat ideal vir suid-afrikaanse gebruiker'lerdir.<\/p>\n<p class=\"\" data-start=\"2540\" data-end=\"2558\">Voordele sluit i\u00e7inde:<\/p>\n<ul data-start=\"2560\" data-end=\"2670\">\n<li class=\"\" data-start=\"2560\" data-end=\"2610\">\n<p class=\"\" data-start=\"2562\" data-end=\"2610\">makas gibi <strong data-start=\"2570\" data-end=\"2588\">Zar-Deposito'nun<\/strong> Plaaslike Metodlar\u0131 arac\u0131l\u0131\u011f\u0131yla<\/p>\n<\/li>\n<li class=\"\" data-start=\"2611\" data-end=\"2631\">\n<p class=\"\" data-start=\"2613\" data-end=\"2631\">7\/24 ondersteuning<\/p>\n<\/li>\n<li class=\"\" data-start=\"2632\" data-end=\"2670\">\n<p class=\"\" data-start=\"2634\" data-end=\"2670\">Handelsplatformlar Soos <strong data-start=\"2656\" data-end=\"2670\">MT4 TR MT5<\/strong><\/p>\n<\/li>\n<\/ul>\n<hr class=\"\" data-start=\"2672\" data-end=\"2675\" \/>\n<h3 class=\"\" data-start=\"2677\" data-end=\"2695\">ya\u015fl\u0131l\u0131k<\/h3>\n<p class=\"\" data-start=\"2697\" data-end=\"3023\">JustMarkets \u2018N Uitstekende Keuse Vir <strong data-start=\"2737\" data-end=\"2767\">Suid-Afrikaanse Handelaars<\/strong> wat op soek na <strong data-start=\"2786\" data-end=\"2800\">lae yay\u0131ld\u0131<\/strong>, <strong data-start=\"2802\" data-end=\"2817\">ho\u00eb hefboom<\/strong>, en <strong data-start=\"2822\" data-end=\"2842\">betroubare yemekleri<\/strong>. Jy nou \u2018n \u2018n Professionele Handelaar IS, Hulle se buigsame rekeningopsies en mededingende handelsvoorwaardes maak dit maklik om suksesvol te wees forex-mark'ta.<\/p>","protected":false},"excerpt":{"rendered":"<p>JustMarkets Spread en Hefboom vir Handelaars in Suid-Afrika As jy in Suid-Afrika is en op soek is na &#8216;n betroubare [&hellip;]<\/p>\n","protected":false},"author":1,"featured_media":0,"parent":0,"menu_order":0,"comment_status":"closed","ping_status":"closed","template":"","meta":{"site-sidebar-layout":"default","site-content-layout":"","ast-site-content-layout":"default","site-content-style":"default","site-sidebar-style":"default","ast-global-header-display":"","ast-banner-title-visibility":"","ast-main-header-display":"","ast-hfb-above-header-display":"","ast-hfb-below-header-display":"","ast-hfb-mobile-header-display":"","site-post-title":"","ast-breadcrumbs-content":"","ast-featured-img":"","footer-sml-layout":"","ast-disable-related-posts":"","theme-transparent-header-meta":"default","adv-header-id-meta":"","stick-header-meta":"","header-above-stick-meta":"","header-main-stick-meta":"","header-below-stick-meta":"","astra-migrate-meta-layouts":"set","ast-page-background-enabled":"default","ast-page-background-meta":{"desktop":{"background-color":"var(--ast-global-color-4)","background-image":"","background-repeat":"repeat","background-position":"center center","background-size":"auto","background-attachment":"scroll","background-type":"","background-media":"","overlay-type":"","overlay-color":"","overlay-opacity":"","overlay-gradient":""},"tablet":{"background-color":"","background-image":"","background-repeat":"repeat","background-position":"center center","background-size":"auto","background-attachment":"scroll","background-type":"","background-media":"","overlay-type":"","overlay-color":"","overlay-opacity":"","overlay-gradient":""},"mobile":{"background-color":"","background-image":"","background-repeat":"repeat","background-position":"center center","background-size":"auto","background-attachment":"scroll","background-type":"","background-media":"","overlay-type":"","overlay-color":"","overlay-opacity":"","overlay-gradient":""}},"ast-content-background-meta":{"desktop":{"background-color":"var(--ast-global-color-5)","background-image":"","background-repeat":"repeat","background-position":"center center","background-size":"auto","background-attachment":"scroll","background-type":"","background-media":"","overlay-type":"","overlay-color":"","overlay-opacity":"","overlay-gradient":""},"tablet":{"background-color":"var(--ast-global-color-5)","background-image":"","background-repeat":"repeat","background-position":"center center","background-size":"auto","background-attachment":"scroll","background-type":"","background-media":"","overlay-type":"","overlay-color":"","overlay-opacity":"","overlay-gradient":""},"mobile":{"background-color":"var(--ast-global-color-5)","background-image":"","background-repeat":"repeat","background-position":"center center","background-size":"auto","background-attachment":"scroll","background-type":"","background-media":"","overlay-type":"","overlay-color":"","overlay-opacity":"","overlay-gradient":""}},"footnotes":""},"class_list":["post-561","page","type-page","status-publish","hentry"],"_links":{"self":[{"href":"https:\/\/jm-markets.com\/tr\/wp-json\/wp\/v2\/pages\/561","targetHints":{"allow":["GET"]}}],"collection":[{"href":"https:\/\/jm-markets.com\/tr\/wp-json\/wp\/v2\/pages"}],"about":[{"href":"https:\/\/jm-markets.com\/tr\/wp-json\/wp\/v2\/types\/page"}],"author":[{"embeddable":true,"href":"https:\/\/jm-markets.com\/tr\/wp-json\/wp\/v2\/users\/1"}],"replies":[{"embeddable":true,"href":"https:\/\/jm-markets.com\/tr\/wp-json\/wp\/v2\/comments?post=561"}],"version-history":[{"count":1,"href":"https:\/\/jm-markets.com\/tr\/wp-json\/wp\/v2\/pages\/561\/revisions"}],"predecessor-version":[{"id":562,"href":"https:\/\/jm-markets.com\/tr\/wp-json\/wp\/v2\/pages\/561\/revisions\/562"}],"wp:attachment":[{"href":"https:\/\/jm-markets.com\/tr\/wp-json\/wp\/v2\/media?parent=561"}],"curies":[{"name":"wp","href":"https:\/\/api.w.org\/{rel}","templated":true}]}}